{"id":18084,"date":"2023-06-20T02:23:39","date_gmt":"2023-06-20T02:23:39","guid":{"rendered":"https:\/\/oudianvalve.com\/?post_type=product&#038;p=18084"},"modified":"2023-06-20T02:23:40","modified_gmt":"2023-06-20T02:23:40","slug":"600lb-y-type-globe-valve-wcb-4-inch-gear-box","status":"publish","type":"product","link":"https:\/\/oudianvalve.com\/de\/products\/globe-valves\/600lb-y-type-globe-valve-wcb-4-inch-gear-box\/","title":{"rendered":"600LB Y-Typ-Kugelventil, WCB, 4 Zoll, Getriebe"},"content":{"rendered":"<p>Konstruktionsnorm: API 623-2013<br \/>\nDruck-Temperatur-Bewertungen: ASME B16.34<br \/>\nGr\u00f6\u00dfenbereich: 2 bis 28 Zoll<br \/>\nDruckbereich: Klasse 150 bis 2500<br \/>\nEndanschl\u00fcsse: RF-Flansch, RTJ, Stumpfschwei\u00dfung<br \/>\nAbmessungen des Flanschendes: ASME B16.5 (\u226424 Zoll), ASME B16.47 Serie A oder B (&gt;24 Zoll)<br \/>\nAbmessungen des Stumpfschwei\u00dfendes: ASME B16.25 von Angesicht zu Angesicht<br \/>\nBauabmessungen: ASME B16.10<br \/>\nInspektion und Tests: API 598<br \/>\nGeh\u00e4usematerialien: WCB, WCC, LCB, LCC, WC6, WC9, CF8, CF3, CF3M, CF8M, A995 4A, 5A, 6A, C95800, INCONEL 625, INCONEL 825, Hastelloy C, MONEL.<br \/>\nBesatzmaterialien: 1#, 5#, 8#, 10#, 12#, 16#<br \/>\nPackungsmaterialien: Graphit, Graphit mit Inconel-Draht, PTFE<\/p>\n<p>&nbsp;<\/p>\n<p>Das Y-Typ-Absperrventil eignet sich zum Schneiden oder Verbinden von Medien an Rohrleitungen mit einem Nenndruck von 150LB-2500LB und einer Betriebstemperatur von -29 bis 550 \u00b0C unter verschiedenen Arbeitsbedingungen wie in der Erd\u00f6l-, Chemie-, Pharma-, D\u00fcngemittel- und Energieindustrie. Zu den anwendbaren Medien geh\u00f6ren Wasser, \u00d6l, Dampf, saure Medien usw. Die Betriebsmethoden umfassen manuell, pneumatisch und elektrisch.<\/p>","protected":false},"excerpt":{"rendered":"<p>Das Y-Typ-Absperrventil hat eine vern\u00fcnftige Struktur, eine zuverl\u00e4ssige Abdichtung, hervorragende Leistung, ein sch\u00f6nes Erscheinungsbild und eine bequeme Herstellung und Wartung;<br \/>\nKleiner Arbeitshub und kurze \u00d6ffnungs- und Schlie\u00dfzeit.<br \/>\nDie Dichtfl\u00e4che ist mit einer Stellite-Hartlegierung verschwei\u00dft, die verschlei\u00dffest, korrosionsbest\u00e4ndig, reibungsbest\u00e4ndig und langlebig ist<\/p>","protected":false},"featured_media":18085,"template":"","meta":{"advanced_seo_description":"","jetpack_seo_html_title":"","jetpack_seo_noindex":false},"product_brand":[],"product_cat":[80],"product_tag":[154,152,155,153],"class_list":{"0":"post-18084","1":"product","2":"type-product","3":"status-publish","4":"has-post-thumbnail","6":"product_cat-globe-valves","7":"product_tag-4-inch-600lb-y-type-globe-valve","8":"product_tag-600lb-y-type-globe-valve","9":"product_tag-gear-box-600lb-y-type-globe-valve","10":"product_tag-wcb-y-type-globe-valve","12":"first","13":"instock","14":"shipping-taxable","15":"product-type-simple"},"jetpack_sharing_enabled":true,"_links":{"self":[{"href":"https:\/\/oudianvalve.com\/de\/wp-json\/wp\/v2\/product\/18084","targetHints":{"allow":["GET"]}}],"collection":[{"href":"https:\/\/oudianvalve.com\/de\/wp-json\/wp\/v2\/product"}],"about":[{"href":"https:\/\/oudianvalve.com\/de\/wp-json\/wp\/v2\/types\/product"}],"wp:featuredmedia":[{"embeddable":true,"href":"https:\/\/oudianvalve.com\/de\/wp-json\/wp\/v2\/media\/18085"}],"wp:attachment":[{"href":"https:\/\/oudianvalve.com\/de\/wp-json\/wp\/v2\/media?parent=18084"}],"wp:term":[{"taxonomy":"product_brand","embeddable":true,"href":"https:\/\/oudianvalve.com\/de\/wp-json\/wp\/v2\/product_brand?post=18084"},{"taxonomy":"product_cat","embeddable":true,"href":"https:\/\/oudianvalve.com\/de\/wp-json\/wp\/v2\/product_cat?post=18084"},{"taxonomy":"product_tag","embeddable":true,"href":"https:\/\/oudianvalve.com\/de\/wp-json\/wp\/v2\/product_tag?post=18084"}],"curies":[{"name":"wp","href":"https:\/\/api.w.org\/{rel}","templated":true}]}}