{"id":18081,"date":"2023-06-20T02:06:19","date_gmt":"2023-06-20T02:06:19","guid":{"rendered":"https:\/\/oudianvalve.com\/?post_type=product&#038;p=18081"},"modified":"2023-06-20T02:08:51","modified_gmt":"2023-06-20T02:08:51","slug":"din3356-angle-globe-valve-pn16-dn80","status":"publish","type":"product","link":"https:\/\/oudianvalve.com\/de\/products\/globe-valves\/din3356-angle-globe-valve-pn16-dn80\/","title":{"rendered":"DIN3356 Eckventil, PN16, DN80"},"content":{"rendered":"<p>Designstandard: DIN3356, EN13709<br \/>\nGr\u00f6\u00dfenbereich: DN50 \u2013 DN400.<br \/>\nAuslegungsdruck: PN10 \u2013 PN40.<br \/>\nAuslegungstemperatur: -196\u2103 \u2013 573\u2103.<br \/>\nMaterial: ASTM A216 WCB, ASTM A216 WCC, ASTM A217 WC6, ASTM A217 WC9, ASTM A217 C5, ASTM A217 C12A, ASTM A352 LCB, ASTM A352 LCC, ASTM A351 CF8, ASTM A351 CF8M, ASTM A351 CF3M, ASTM A351 CF8C, CN3MN, CK3MCUN, CN7M, ASTM A890 4A (CD3MN), ASTM A890 5A (CE3MN), ASTM A890 6A (CD3MWCuN), ASTM B148 C95800, ASTM B148 C95500.<br \/>\nAnschlussende: DIN2543-2548, EN1092<br \/>\nPr\u00fcfnorm: DIN3230, EN12266<br \/>\nVon Angesicht zu Angesicht: DIN3202-F32, EN558<\/p>\n<p>Das Eck-Absperrventil ist eine modifizierte Version des geraden Absperrventils mit den Enden im 90\u00b0-Winkel. Es soll den Fl\u00fcssigkeitsfluss in Rohrleitungen in einem Winkel von 90\u00b0 unterst\u00fctzen und so einen geringen Druckabfall erzeugen. Es ist ideal f\u00fcr die Regulierung verschiedener Kategorien von Fl\u00fcssigkeiten. Der \u00d6ffnungs- und Schlie\u00dfteil eines Eckventils ist ein pfropfenf\u00f6rmiger Ventilteller mit einer flachen oder konischen Dichtfl\u00e4che. Der Ventilteller bewegt sich geradlinig entlang der Mittellinie der Fl\u00fcssigkeit. Die Bewegungsform des Ventilschafts kann entweder vom Hubstangentyp (mit angehobenem Ventilschaft und nicht angehobenem Handrad) oder vom Typ mit rotierender Hubstange (mit rotierendem Handrad und angehobenem Ventilschaft und montierter Mutter am Ventilgeh\u00e4use) sein )<\/p>\n<p>Hauptvorteile des Produkts:<br \/>\n1. Der Ventilteller hat ein konisches Design, wobei die Dichtfl\u00e4che und das Medium eine stromlinienf\u00f6rmige Form haben, gute Dichtleistung und eine l\u00e4ngere Lebensdauer;<br \/>\n2. Ventilschaftmodulation und Oberfl\u00e4chennitrierungsbehandlung mit guter Korrosions- und Reibungsbest\u00e4ndigkeit;<br \/>\n3. Ergonomisch gestaltetes Handrad mit l\u00e4ngerer Lebensdauer, einfacher und bequemer Bedienung sowie sicherer und zuverl\u00e4ssiger;<br \/>\n4. Angemessene Struktur, zuverl\u00e4ssige Abdichtung und sch\u00f6nes Aussehen;<br \/>\nAnwendungen: Erd\u00f6l-, Chemie-, Pharma-, D\u00fcngemittel-, Energie- und andere Industrien.<br \/>\nAnwendbarer Druck: PN1,6 ~ 4,0 MPa<br \/>\nAnwendbare Temperatur: -20 \u2103 ~ 350 \u2103<\/p>\n<p>Eckventile k\u00f6nnen in Rohrleitungen f\u00fcr die Benzin-, Mineral-, Pharma-, D\u00fcngemittel-, Elektrizit\u00e4ts-, Recyclingmaschinen-, Gasversorgungs-, K\u00fchl- und Gefriersysteme, Kesseldampfsysteme und Hei\u00df\u00f6lsysteme sowie in anderen Branchen eingesetzt werden. Es kann zum Abtrennen oder Verbinden des Rohrleitungsmediums unter verschiedenen Arbeitsbedingungen verwendet werden, von Nenndr\u00fccken von 150 LB bis 2500 LB und Arbeitstemperaturen von -40 bis 500 \u00b0C.<\/p>\n<ul>\n<li>Sie eignen sich f\u00fcr Rohrleitungen, die keine strengen Anforderungen an die Fl\u00fcssigkeitsbest\u00e4ndigkeit, also den Druckverlust, stellen.<\/li>\n<li>Diese Ventile sind in einer praktischen Gr\u00f6\u00dfenbeschr\u00e4nkung von NPS 12 (DN 300) erh\u00e4ltlich. Ventile gr\u00f6\u00dfer als NPS 12 (DN 300) werden selten verwendet. Es wurden jedoch Gr\u00f6\u00dfen bis NPS 48 (DN 1200) hergestellt und verwendet.<\/li>\n<li>Der Druckunterschied am Ventilteller darf 20 Prozent des maximalen Vordrucks oder 200 psi (1380 kPa) nicht \u00fcberschreiten, je nachdem, welcher Wert kleiner ist.<\/li>\n<li>Diese Ventile k\u00f6nnen f\u00fcr Ger\u00e4te oder Rohrleitungen mit Str\u00f6mungsmedien bei hoher Temperatur und hohem Druck sowie f\u00fcr Rohrleitungen mit Dampfmedien und DN &lt; 200 mm in Betracht gezogen werden.<\/li>\n<li>Diese Ventile werden im Allgemeinen f\u00fcr Anwendungen mit niedrigen Temperaturen und niedrigem Druck installiert, sodass der Druck unter der Scheibe liegt.<\/li>\n<li>Bei Hochtemperatur- und Hochdruckanwendungen wie Dampf werden Ventile so installiert, dass der Druck \u00fcber der Scheibe liegt.<\/li>\n<li>Diese Ventile k\u00f6nnen f\u00fcr kleine Anwendungen als Ventile f\u00fcr Instrumente, Probenahme, Manometer usw. verwendet werden.<\/li>\n<li>Bei hochgiftigen Medien sollten Ventile mit Faltenbalgdichtung eingesetzt werden.<\/li>\n<\/ul>","protected":false},"excerpt":{"rendered":"<p>OS&amp;Y, verschraubte Motorhaube, steigender Vorbau<br \/>\nKurzer Hub f\u00fcr einfaches und schnelles \u00d6ffnen\/Schlie\u00dfen<br \/>\nF\u00fcr gro\u00dfe Abmessungen und hohen Druck: Entlastungskegel = interner Bypass<br \/>\nDie Scheibendichtung k\u00f6nnte sein: Flachdichtung, Drosselkegel = Regelscheibe<br \/>\nDer K\u00f6rpersitz kann ein Gewindesitz oder ein Schwei\u00dfsitz sein<\/p>","protected":false},"featured_media":18083,"template":"","meta":{"advanced_seo_description":"","jetpack_seo_html_title":"","jetpack_seo_noindex":false},"product_brand":[],"product_cat":[80],"product_tag":[147,148,149,150,151],"class_list":{"0":"post-18081","1":"product","2":"type-product","3":"status-publish","4":"has-post-thumbnail","6":"product_cat-globe-valves","7":"product_tag-angle-globe-valve","8":"product_tag-din-angle-globe-valve","9":"product_tag-din3202-f32-angle-globe-valve","10":"product_tag-din3356-angle-globe-valves","11":"product_tag-en-globe-valves","13":"first","14":"instock","15":"featured","16":"shipping-taxable","17":"product-type-simple"},"jetpack_sharing_enabled":true,"_links":{"self":[{"href":"https:\/\/oudianvalve.com\/de\/wp-json\/wp\/v2\/product\/18081","targetHints":{"allow":["GET"]}}],"collection":[{"href":"https:\/\/oudianvalve.com\/de\/wp-json\/wp\/v2\/product"}],"about":[{"href":"https:\/\/oudianvalve.com\/de\/wp-json\/wp\/v2\/types\/product"}],"wp:featuredmedia":[{"embeddable":true,"href":"https:\/\/oudianvalve.com\/de\/wp-json\/wp\/v2\/media\/18083"}],"wp:attachment":[{"href":"https:\/\/oudianvalve.com\/de\/wp-json\/wp\/v2\/media?parent=18081"}],"wp:term":[{"taxonomy":"product_brand","embeddable":true,"href":"https:\/\/oudianvalve.com\/de\/wp-json\/wp\/v2\/product_brand?post=18081"},{"taxonomy":"product_cat","embeddable":true,"href":"https:\/\/oudianvalve.com\/de\/wp-json\/wp\/v2\/product_cat?post=18081"},{"taxonomy":"product_tag","embeddable":true,"href":"https:\/\/oudianvalve.com\/de\/wp-json\/wp\/v2\/product_tag?post=18081"}],"curies":[{"name":"wp","href":"https:\/\/api.w.org\/{rel}","templated":true}]}}