{"id":18079,"date":"2023-06-20T01:40:46","date_gmt":"2023-06-20T01:40:46","guid":{"rendered":"https:\/\/oudianvalve.com\/?post_type=product&#038;p=18079"},"modified":"2023-06-20T02:08:50","modified_gmt":"2023-06-20T02:08:50","slug":"pressure-seal-bonnet-swing-check-valve-a216-wcb-6-in-cl1500","status":"publish","type":"product","link":"https:\/\/oudianvalve.com\/de\/products\/check-valves\/pressure-seal-bonnet-swing-check-valve-a216-wcb-6-in-cl1500\/","title":{"rendered":"R\u00fcckschlagventil mit Druckdichtung, A216 WCB, 6 Zoll CL1500"},"content":{"rendered":"<p>Designstandard: Designstandard: API 600, ASME B16.34\/E101<br \/>\nProdukttyp: Absperrschieber.<br \/>\nGr\u00f6\u00dfenbereich: NPS 2 \u2013 60 Zoll, DN50 \u2013 DN1500.<br \/>\nAuslegungsdruck: Klasse 150 \u2013 2500 LB, PN10 \u2013 PN420.<br \/>\nAuslegungstemperatur: -196\u2103 \u2013 573\u2103.<br \/>\nMaterial: ASTM A216 WCB, ASTM A216 WCC, ASTM A217 WC6, ASTM A217 WC9, ASTM A217 C5, ASTM A217 C12A, ASTM A352 LCB, ASTM A352 LCC, ASTM A351 CF8, ASTM A351 CF8M, ASTM A351 CF3M, ASTM A351 CF8C, CN3MN, CK3MCUN, CN7M, ASTM A890 4A (CD3MN), ASTM A890 5A (CE3MN), ASTM A890 6A (CD3MWCuN), ASTM B148 C95800, ASTM B148 C95500.<br \/>\nAnschlussende: ASME B16.5, ASME B16.25, EN1092-Serie.<br \/>\nBedienung: Handrad, Getriebe, elektrisch.<br \/>\nAnwendung: Elektrizit\u00e4t, Erd\u00f6lraffinierung, Petrochemie, Offshore-\u00d6l, Chemietechnik.<\/p>\n<p>Produkt\u00fcbersicht:<\/p>\n<p>Die Abzweigrohre des R\u00fcckschlagventils mit Druckverschluss bestehen aus geschwei\u00dften Strukturen, und die geschwei\u00dfte Nut kann gem\u00e4\u00df Standards oder Benutzeranforderungen hergestellt werden. Es bietet Vorteile wie Verschlei\u00dffestigkeit, Hochtemperaturbest\u00e4ndigkeit, Korrosionsbest\u00e4ndigkeit, Kratzfestigkeit und lange Lebensdauer. Es gilt f\u00fcr Rohre von Hochtemperatur- und Hochdruckwasser, Dampf, \u00d6lprodukten und \u00fcberhitztem Dampf in W\u00e4rmekraftwerken, Petrochemie-, Metallurgie- und anderen W\u00e4rmekraftwerken mit einem Arbeitsdruck von Klasse 15002500 und einer Arbeitstemperatur von -29 bis 570 \u00b0C. als Vorrichtung zur Verhinderung des R\u00fcckflusses von Medien.<\/p>\n<p>Produktmerkmale:<\/p>\n<p>1. Das Produktdesign und die Herstellung entsprechen den ANSI B16.34- und E101-Standards und k\u00f6nnen mit importierter Ausr\u00fcstung zur Verwendung ausgestattet werden. 2. Durch die Verwendung einer druckselbstdichtenden Struktur ist die Abdichtung zuverl\u00e4ssig und f\u00fcr Arbeitsbedingungen bei extrem hohem Druck und hohen Temperaturen geeignet.<br \/>\n3. Die Dichtfl\u00e4chen des Ventiltellers und des Ventilsitzes bestehen aus Hartlegierungs-Auftragsschwei\u00dfen auf Stellite-Kobaltbasis, das verschlei\u00dffest, hochtemperaturbest\u00e4ndig, gut kratzfest und langlebig ist.<br \/>\n4. Der Klappenteller schlie\u00dft sich durch Eigengewicht und mittlere Kraft.<br \/>\n5. Der Ventilteller dreht sich um die Stiftachse au\u00dferhalb des Ventilsitzes, um heftige St\u00f6\u00dfe beim Schlie\u00dfen zu reduzieren. 6. Die integrierte Stiftschaftstruktur reduziert externe Leckstellen und macht die Verwendung zuverl\u00e4ssiger.<\/p>\n<p>&nbsp;<\/p>","protected":false},"excerpt":{"rendered":"<p>Druckdichtungshaube<br \/>\nDie Motorhaubendichtung besteht aus Metalldichtung, RTJ-Ring \u2013 SS 304 f\u00fcr eine lange Lebensdauer<br \/>\nInnenseite des Schaftes\/Au\u00dfenseite des Schaftes<br \/>\nAu\u00dferhalb der Welle: Hebel + Gegengewicht + D\u00e4mpfer montierbar<br \/>\nEin gro\u00dfes R\u00fcckschlagventil kann mit einem hydraulischen D\u00e4mpfungszylinder ausgestattet werden<\/p>","protected":false},"featured_media":18080,"template":"","meta":{"advanced_seo_description":"","jetpack_seo_html_title":"","jetpack_seo_noindex":false},"product_brand":[],"product_cat":[82],"product_tag":[145,143,144,142,146],"class_list":{"0":"post-18079","1":"product","2":"type-product","3":"status-publish","4":"has-post-thumbnail","6":"product_cat-check-valves","7":"product_tag-6-inch-swing-check-valv","8":"product_tag-a216-wcb-swing-check-valve","9":"product_tag-cl1500-swing-check-valv","10":"product_tag-pressure-seal-bonnet-swing-check-valve","11":"product_tag-rtj-flange-swing-check-valve","13":"first","14":"instock","15":"featured","16":"shipping-taxable","17":"product-type-simple"},"jetpack_sharing_enabled":true,"_links":{"self":[{"href":"https:\/\/oudianvalve.com\/de\/wp-json\/wp\/v2\/product\/18079","targetHints":{"allow":["GET"]}}],"collection":[{"href":"https:\/\/oudianvalve.com\/de\/wp-json\/wp\/v2\/product"}],"about":[{"href":"https:\/\/oudianvalve.com\/de\/wp-json\/wp\/v2\/types\/product"}],"wp:featuredmedia":[{"embeddable":true,"href":"https:\/\/oudianvalve.com\/de\/wp-json\/wp\/v2\/media\/18080"}],"wp:attachment":[{"href":"https:\/\/oudianvalve.com\/de\/wp-json\/wp\/v2\/media?parent=18079"}],"wp:term":[{"taxonomy":"product_brand","embeddable":true,"href":"https:\/\/oudianvalve.com\/de\/wp-json\/wp\/v2\/product_brand?post=18079"},{"taxonomy":"product_cat","embeddable":true,"href":"https:\/\/oudianvalve.com\/de\/wp-json\/wp\/v2\/product_cat?post=18079"},{"taxonomy":"product_tag","embeddable":true,"href":"https:\/\/oudianvalve.com\/de\/wp-json\/wp\/v2\/product_tag?post=18079"}],"curies":[{"name":"wp","href":"https:\/\/api.w.org\/{rel}","templated":true}]}}