{"id":18073,"date":"2023-06-20T00:56:05","date_gmt":"2023-06-20T00:56:05","guid":{"rendered":"https:\/\/oudianvalve.com\/?post_type=product&#038;p=18073"},"modified":"2023-06-20T02:08:48","modified_gmt":"2023-06-20T02:08:48","slug":"api600-8inch-150lb-cast-steel-globe-valve","status":"publish","type":"product","link":"https:\/\/oudianvalve.com\/de\/products\/globe-valves\/api600-8inch-150lb-cast-steel-globe-valve\/","title":{"rendered":"API600 8 Zoll 150LB Kugelventil aus Stahlguss"},"content":{"rendered":"<p>Designstandard: BS 1873 oder API623\/API600<br \/>\nDruck-Temperatur-Bewertungen: ASME B16.34<br \/>\nGr\u00f6\u00dfenbereich: 2 bis 28 Zoll<br \/>\nDruckbereich: Klasse 150 bis 2500<br \/>\nEndanschl\u00fcsse: RF-Flansch, RTJ, Stumpfschwei\u00dfung<br \/>\nAbmessungen des Flanschendes: ASME B16.5 (\u226424 Zoll), ASME B16.47 Serie A oder B (&gt;24 Zoll)<br \/>\nAbmessungen des Stumpfschwei\u00dfendes: ASME B16.25 von Angesicht zu Angesicht<br \/>\nBauabmessungen: ASME B16.10<br \/>\nInspektion und Tests: API 598<br \/>\nGeh\u00e4usematerialien: WCB, WCC, LCB, LCC, WC6, WC9, CF8, CF3, CF3M, CF8M, A995 4A, 5A, 6A, C95800, INCONEL 625, INCONEL 825, Hastelloy C, MONEL.<br \/>\nBesatzmaterialien: 1#, 5#, 8#, 10#, 12#, 16#<br \/>\nPackungsmaterialien: Graphit, Graphit mit Inconel-Draht, PTFE<\/p>\n<div class=\"fl-row fl-row-full-width fl-row-bg-none fl-node-6392e5b9bcb7b\" data-node=\"6392e5b9bcb7b\">\n<div class=\"fl-row-content-wrap\">\n<div class=\"fl-row-content fl-row-full-width fl-node-content\">\n<div class=\"fl-col-group fl-node-6392e5b9bd376\" data-node=\"6392e5b9bd376\">\n<div class=\"fl-col fl-node-6392e5b9be5e2\" data-node=\"6392e5b9be5e2\">\n<div class=\"fl-col-content fl-node-content\">\n<div class=\"fl-module fl-module-rich-text fl-node-6392e5b9c4a63\" data-node=\"6392e5b9c4a63\" data-animation-delay=\"0.0\">\n<div class=\"fl-module-content fl-node-content\">\n<div class=\"fl-rich-text\">\n<p>Motorhaubenverl\u00e4ngerung<br \/>\nBypassventile<br \/>\nAblassventile<br \/>\nGeringe fl\u00fcchtige Emissionen gem\u00e4\u00df API 624 oder ISO 15848<br \/>\nPTFE-beschichtete Schrauben und Muttern<br \/>\nVerzinkte Schrauben und Muttern<\/p>\n<\/div>\n<\/div>\n<\/div>\n<\/div>\n<\/div>\n<\/div>\n<\/div>\n<\/div>\n<\/div>\n<div class=\"fl-row fl-row-full-width fl-row-bg-none fl-node-6392e5c966481\" data-node=\"6392e5c966481\">\n<div class=\"fl-row-content-wrap\">\n<div class=\"fl-row-content fl-row-full-width fl-node-content\">\n<div class=\"fl-col-group fl-node-6392e5c9664ce\" data-node=\"6392e5c9664ce\">\n<div class=\"fl-col fl-node-6392e5c966513\" data-node=\"6392e5c966513\">\n<div class=\"fl-col-content fl-node-content\">\n<div class=\"fl-module fl-module-rich-text fl-node-6392e5c966555\" data-node=\"6392e5c966555\" data-animation-delay=\"0.0\">\n<div class=\"fl-module-content fl-node-content\">\n<div class=\"fl-rich-text\">\n<div class=\"content_box\"><\/div>\n<p>Unser Absperrventil ist streng nach BS 1873 und verwandten Normen konstruiert und kann je nach Kundenwunsch auch API 623 sein. Die Wandst\u00e4rke entspricht API 600, was gr\u00f6\u00dfer ist als der ASME B16.34-Standard und eine stabilere Leistung bedeutet. F\u00fcr Gr\u00f6\u00dfen \u00fcber 8 Zoll kann es nicht als Doppelscheibentyp konstruiert werden, da dieser im Vergleich zum Einzelscheibentyp ein geringeres Drehmoment und einen geringeren Schubwert aufweist.<\/p>\n<\/div>\n<p>Die Funktion des Absperrventils<\/p>\n<p>Ein Absperrventil, auch als Absperrventil bekannt, geh\u00f6rt zu den Zwangsdichtventilen. Es \u00fcbt ein Drehmoment \u00fcber den Ventilschaft aus, d. h. der Ventilschaft \u00fcbt Druck auf die Ventilscheibe oberhalb der Axialrichtung aus, um eine dichtende Passung zwischen der Ventilscheibe und dem Ventilsitz zu erreichen, ein Austreten von Medium aus dem Spalt zu verhindern und eine Rolle beim Schneiden, Drosseln und Regeln in der Rohrleitung zu spielen.<\/p>\n<\/div>\n<\/div>\n<\/div>\n<\/div>\n<\/div>\n<\/div>\n<\/div>\n<\/div>","protected":false},"excerpt":{"rendered":"<p>Gerades Muster oder Y-Muster<br \/>\nVerschraubte Haube oder druckdichte Haube<br \/>\nSteigender Stiel<br \/>\nAu\u00dfenschraube und Joch<br \/>\nIntegrierter Sitzk\u00f6rper oder erneuerbarer Sitzring<br \/>\nNACE MR 0175<\/p>","protected":false},"featured_media":18074,"template":"","meta":{"advanced_seo_description":"","jetpack_seo_html_title":"","jetpack_seo_noindex":false},"product_brand":[],"product_cat":[80],"product_tag":[134,135,133,85],"class_list":{"0":"post-18073","1":"product","2":"type-product","3":"status-publish","4":"has-post-thumbnail","6":"product_cat-globe-valves","7":"product_tag-150lb-cast-steel-globe-valve","8":"product_tag-8-inch-cast-steel-globe-valve","9":"product_tag-api600-cast-steel-globe-valve","10":"product_tag-cast-steel-globe-valve","12":"first","13":"instock","14":"featured","15":"shipping-taxable","16":"product-type-simple"},"jetpack_sharing_enabled":true,"_links":{"self":[{"href":"https:\/\/oudianvalve.com\/de\/wp-json\/wp\/v2\/product\/18073","targetHints":{"allow":["GET"]}}],"collection":[{"href":"https:\/\/oudianvalve.com\/de\/wp-json\/wp\/v2\/product"}],"about":[{"href":"https:\/\/oudianvalve.com\/de\/wp-json\/wp\/v2\/types\/product"}],"wp:featuredmedia":[{"embeddable":true,"href":"https:\/\/oudianvalve.com\/de\/wp-json\/wp\/v2\/media\/18074"}],"wp:attachment":[{"href":"https:\/\/oudianvalve.com\/de\/wp-json\/wp\/v2\/media?parent=18073"}],"wp:term":[{"taxonomy":"product_brand","embeddable":true,"href":"https:\/\/oudianvalve.com\/de\/wp-json\/wp\/v2\/product_brand?post=18073"},{"taxonomy":"product_cat","embeddable":true,"href":"https:\/\/oudianvalve.com\/de\/wp-json\/wp\/v2\/product_cat?post=18073"},{"taxonomy":"product_tag","embeddable":true,"href":"https:\/\/oudianvalve.com\/de\/wp-json\/wp\/v2\/product_tag?post=18073"}],"curies":[{"name":"wp","href":"https:\/\/api.w.org\/{rel}","templated":true}]}}