{"id":18069,"date":"2023-06-19T07:49:18","date_gmt":"2023-06-19T07:49:18","guid":{"rendered":"https:\/\/oudianvalve.com\/?post_type=product&#038;p=18069"},"modified":"2023-06-20T00:30:02","modified_gmt":"2023-06-20T00:30:02","slug":"dn80-pn16-cast-steel-t-type-strainer","status":"publish","type":"product","link":"https:\/\/oudianvalve.com\/de\/products\/y-strainer\/dn80-pn16-cast-steel-t-type-strainer\/","title":{"rendered":"DN80 PN16 T-f\u00f6rmiges Schmutzf\u00e4nger aus Stahlguss"},"content":{"rendered":"<p>DN80 PN16 T-f\u00f6rmiges Schmutzf\u00e4nger aus Stahlguss<br \/>\nGr\u00f6\u00dfe: 1\/2\u2033-24\u2033(DN15~DN600)<br \/>\nDruckstufe: 150LB-2500LB\/PN16~PN160\/10K~60K)<br \/>\nMaterial: A351CF8M\/CF8\/CF3\/CF3M, A216WCB, A217 WC6 A352 LCB\/LCC, A105, F304, F316, F51\/F53, F11.F2.C3.C95800<br \/>\nGeeignete Temperatur: 425 \u00b0C (unterschiedliche Temperaturen w\u00e4hlen unterschiedliche Materialien). Geeignetes Medium: Wasser, Dampf, \u00d6l und Erdgas usw.<\/p>\n<p>Beschreibung:<br \/>\nDesignstandards:ASME B16.34<br \/>\nStrukturl\u00e4nge: ASME B16.10<br \/>\nAnschlussgr\u00f6\u00dfenstandard: ANSI B16.5<br \/>\nTest- und Inspektionsstandards: API598<\/p>\n<p>Funktionsprinzip und Eigenschaften:<\/p>\n<p>Wenn die Fl\u00fcssigkeit in die Filterpatrone mit einem bestimmten Filtersiebtyp eindringt, werden die Verunreinigungen blockiert und das saubere Filtrat wird aus dem Filterauslass abgelassen. Wenn eine Reinigung erforderlich ist, entfernen Sie einfach die abnehmbare Filterpatrone, verarbeiten Sie sie und installieren Sie sie erneut. Daher sind Wartung und Verwendung \u00e4u\u00dferst bequem.<\/p>\n<p>Die Herstellungsmaterialien des T-Typ-Filters variieren je nach t\u00e4glichem Bedarf und bestehen im Allgemeinen aus Gusseisen, Kohlenstoffstahl oder Edelstahl. Bei der Verwendung von Filtern sollten je nach den unterschiedlichen Fl\u00fcssigkeiten unterschiedliche Filtermodelle ausgew\u00e4hlt werden. Zur Filtration von Fl\u00fcssigkeiten wie Wasser, Ammoniak, \u00d6l, Kohlenwasserstoffen usw.<br \/>\nWenn die Fl\u00fcssigkeit mit einer bestimmten Spezifikation in das Filtersieb gelangt, werden Verunreinigungen durch das Filtersieb blockiert und die saubere Fl\u00fcssigkeit wird durch den Auslass abgelassen. Wenn eine Reinigung erforderlich ist, muss nur das abnehmbare Filtersieb zur Abwasserbehandlung herausgenommen und zur Verwendung wieder installiert werden. Daher sind die Verwendung und Wartung von Filtern \u00e4u\u00dferst bequem.<\/p>\n<p>Aufbau eines T-Siebes<\/p>\n<p>T-Siebe werden speziell aus Rohren und Platten oder standardm\u00e4\u00dfigen identischen T-St\u00fccken und Flanschen hergestellt. Die Filterkomponenten bestehen aus perforiertem Edelstahlblech oder Drahtgeflecht, das von perforiertem Blech gest\u00fctzt wird. T-Siebe sind eine kosteng\u00fcnstige Alternative f\u00fcr Filteranforderungen mit gro\u00dfem Nenndurchmesser. Diese Siebe k\u00f6nnen schnell montiert werden und erfordern weniger Wartung. T-Siebe werden je nach Anwendungszweck entweder mit einem verschraubten Deckel oder einem schnell zu \u00f6ffnenden Deckel geliefert.<\/p>\n<p>T-Siebe k\u00f6nnen entweder in vertikalen oder horizontalen Rohren montiert werden. In der vertikalen Position flie\u00dft das Abwasser nach unten in den Korb. In der horizontalen Position befindet sich die Abzweigverbindung seitlich f\u00fcr seitlichen Zugang bzw. oben f\u00fcr Zugang von oben. T-Siebe sind auf grobe Filtration beschr\u00e4nkt, da die Art und Weise, wie der Korb im T platziert wird, den Fl\u00fcssigkeitsfluss durch das Gleitschienensystem f\u00f6rdert.<\/p>\n<p>Merkmale und Vorteile des T-Typ-Siebes<\/p>\n<p>Siebe des T-Typs bieten bei Rohrleitungsanwendungen viele Vorteile, beispielsweise:<\/p>\n<ul>\n<li>Es verf\u00fcgt \u00fcber schnell zu \u00f6ffnende Abdeckungen f\u00fcr eine einfache Reinigung.<\/li>\n<li>Es ist mit einem einfachen Entl\u00fcftungsanschluss ausgestattet und verf\u00fcgt \u00fcber Differenzdruckanschl\u00fcsse.<\/li>\n<li>Es verf\u00fcgt \u00fcber einen geraderen Flie\u00dfweg, der eine h\u00f6here Durchflusskapazit\u00e4t erm\u00f6glicht.<\/li>\n<li>Sieb vom Typ T eignet sich f\u00fcr die \u00dcbertragung von Fl\u00fcssigkeiten mit h\u00f6herer Geschwindigkeit.<\/li>\n<li>Diese eignen sich ideal f\u00fcr gro\u00dfe Rohranwendungen, bei denen ein schneller Zugriff auf das Sieb erforderlich ist.<\/li>\n<li>Bei horizontalem Einbau kann der Kammerdeckel ge\u00f6ffnet werden, ohne dass das Prozessmedium abgelassen wird. Somit ist der Einsatz in explosionsgef\u00e4hrdeten Prozessen m\u00f6glich.<\/li>\n<\/ul>\n<p>&nbsp;<\/p>\n<p>Anwendungen von T-Typ-Sieben<\/p>\n<p>In manchen Anwendungen ist die Verwendung von Y-Sieben nicht praktikabel, da das Element von der Unterseite der Abdeckung oder des K\u00f6rpers aus zug\u00e4nglich ist. T-Siebe erm\u00f6glichen den Zugang zum Element \u00fcber die Oberseite des Geh\u00e4uses oder K\u00f6rpers. Diese Art von Sieb ist f\u00fcr die Montage in einer Linie mit der Rohrleitungsachse vorgesehen, kann aber auch in versetzten und rechtwinkligen Rohrinstallationen installiert werden.<\/p>\n<p>Zus\u00e4tzlich zur Standardkatalogsammlung von T-Typ-Sieben k\u00f6nnen Siebe nach speziellen Anwendungsspezifikationen entworfen und hergestellt werden. Diese Siebe sind f\u00fcr aggressive industrielle Dampf- und Gasanwendungen ausgelegt, wenn sie aus Edelstahl oder Kohlenstoffstahl gefertigt sind.<\/p>","protected":false},"excerpt":{"rendered":"<p>Das T-Sieb DN80 PN16 aus Gussstahl geh\u00f6rt zur Serie der Grobfilter f\u00fcr Rohrleitungen und kann auch zum Filtern gro\u00dfer Partikel aus Gas oder anderen Medien verwendet werden. Wenn es in der Rohrleitung installiert ist, kann es gro\u00dfe feste Verunreinigungen aus der Fl\u00fcssigkeit entfernen, sodass Maschinenausr\u00fcstung (einschlie\u00dflich Kompressoren, Pumpen usw.) und Instrumente normal funktionieren und betrieben werden k\u00f6nnen, wodurch ein stabiler Prozess erreicht und eine sichere Produktion gew\u00e4hrleistet wird.<\/p>","protected":false},"featured_media":18070,"template":"","meta":{"advanced_seo_description":"","jetpack_seo_html_title":"","jetpack_seo_noindex":false},"product_brand":[],"product_cat":[84],"product_tag":[128,130,129,132,131],"class_list":{"0":"post-18069","1":"product","2":"type-product","3":"status-publish","4":"has-post-thumbnail","6":"product_cat-y-strainer","7":"product_tag-cast-steel-t-type-strainer","8":"product_tag-dn80-cast-steel-t-type-strainer","9":"product_tag-pn16-cast-steel-t-type-strainer","10":"product_tag-weld-t-type-strainer","11":"product_tag-wpb-cast-steel-t-type-strainer","13":"first","14":"instock","15":"featured","16":"shipping-taxable","17":"product-type-simple"},"jetpack_sharing_enabled":true,"_links":{"self":[{"href":"https:\/\/oudianvalve.com\/de\/wp-json\/wp\/v2\/product\/18069","targetHints":{"allow":["GET"]}}],"collection":[{"href":"https:\/\/oudianvalve.com\/de\/wp-json\/wp\/v2\/product"}],"about":[{"href":"https:\/\/oudianvalve.com\/de\/wp-json\/wp\/v2\/types\/product"}],"wp:featuredmedia":[{"embeddable":true,"href":"https:\/\/oudianvalve.com\/de\/wp-json\/wp\/v2\/media\/18070"}],"wp:attachment":[{"href":"https:\/\/oudianvalve.com\/de\/wp-json\/wp\/v2\/media?parent=18069"}],"wp:term":[{"taxonomy":"product_brand","embeddable":true,"href":"https:\/\/oudianvalve.com\/de\/wp-json\/wp\/v2\/product_brand?post=18069"},{"taxonomy":"product_cat","embeddable":true,"href":"https:\/\/oudianvalve.com\/de\/wp-json\/wp\/v2\/product_cat?post=18069"},{"taxonomy":"product_tag","embeddable":true,"href":"https:\/\/oudianvalve.com\/de\/wp-json\/wp\/v2\/product_tag?post=18069"}],"curies":[{"name":"wp","href":"https:\/\/api.w.org\/{rel}","templated":true}]}}