{"id":18067,"date":"2023-06-19T07:19:59","date_gmt":"2023-06-19T07:19:59","guid":{"rendered":"https:\/\/oudianvalve.com\/?post_type=product&#038;p=18067"},"modified":"2023-06-20T00:30:02","modified_gmt":"2023-06-20T00:30:02","slug":"cast-steel-y-strainer-150lb-3-inch","status":"publish","type":"product","link":"https:\/\/oudianvalve.com\/de\/products\/y-strainer\/cast-steel-y-strainer-150lb-3-inch\/","title":{"rendered":"Y-Sieb aus Stahlguss 150LB 3 Zoll"},"content":{"rendered":"<p>Y-Sieb aus Gussstahl 150LB 3 Zoll Detail:<br \/>\nGr\u00f6\u00dfe: 1\/2\u2033-24\u2033(DN15~DN600)<br \/>\nDruckstufe: 150LB-2500LB\/PN16~PN160\/10K~60K)<br \/>\nMaterial: A351CF8M\/CF8\/CF3\/CF3M, A216WCB, A217 WC6 A352 LCB\/LCC, A105, F304, F316, F51\/F53, F11.F2.C3.C95800<br \/>\nGeeignete Temperatur: 425 \u00b0C (unterschiedliche Temperaturen w\u00e4hlen unterschiedliche Materialien). Geeignetes Medium: Wasser, Dampf, \u00d6l und Erdgas usw.<\/p>\n<p>Beschreibung:<br \/>\nDesignstandards:ASME B16.34<br \/>\nStrukturl\u00e4nge: ASME B16.10<br \/>\nAnschlussgr\u00f6\u00dfenstandard: ANSI B16.5<br \/>\nTest- und Inspektionsstandards: API598<br \/>\nY-Siebfilter bestehen aus Edelstahlmaterialien wie 304 und 316, die die Eigenschaften starker Korrosion aufweisen<br \/>\nWiderstandsf\u00e4higkeit und lange Lebensdauer.<br \/>\nEs sind Maschenzahlen f\u00fcr Y-Siebfilter, z. B. 10 bis 120 Maschen, verf\u00fcgbar (kann je nach Benutzeranforderungen angepasst werden).<br \/>\nCNC-Werkzeugmaschinenbearbeitung, hohe Pr\u00e4zision, gute Abdichtung<br \/>\nStarke Antifouling-Leistung, praktische Abwasserentsorgung: gro\u00dfe Zirkulationsfl\u00e4che, kleiner Druckbeh\u00e4lter: einfache Struktur. Kleinvolumig und leicht.<\/p>\n<p>&nbsp;<\/p>\n<p>Funktionsprinzip und Funktion des Y-Siebs aus Gussstahl<\/p>\n<p>Y-Sieb aus Gussstahl ist ein kleines Ger\u00e4t, das haupts\u00e4chlich zum Entfernen kleiner Mengen fester Partikel aus Fl\u00fcssigkeiten verwendet wird, um den normalen Betrieb von Kompressoren, Pumpen, Instrumenten und anderen Ger\u00e4ten zu sch\u00fctzen. Wenn Wasser, \u00d6l und andere Fl\u00fcssigkeiten in die Filterpatrone mit einem bestimmten Filtersieb gelangen, werden Verunreinigungen in der Fl\u00fcssigkeit blockiert und das saubere Filtrat wird durch den Filterauslass abgeleitet. Der Y-Filter ist in Bezug auf Verwendung und Wartung \u00e4u\u00dferst praktisch: Wenn das Ger\u00e4t gereinigt werden muss, entfernen Sie einfach die abnehmbare Filterpatrone, reinigen Sie sie und setzen Sie sie dann wieder in das Ger\u00e4t ein. Y-Siebe aus Gussstahl bieten eine Reihe von Vorteilen, wie z. B. eine kompakte Struktur, eine gro\u00dfe Filterkapazit\u00e4t, einen geringen Druckverlust, eine breite Anwendbarkeit, eine bequeme Wartung und einen niedrigen Preis.<\/p>\n<p>&nbsp;<\/p>\n<p>Arbeitsprinzip:<\/p>\n<p>Das Hauptprinzip des Y-Siebs aus Gussstahl besteht darin, die Porengr\u00f6\u00dfe des Filtermediums zu nutzen, um Substanzen abzufangen, die kleiner als die Porengr\u00f6\u00dfe des Mediums sind, w\u00e4hrend einige Filtermedien spezielle Effekte wie Adsorption haben. Bei der Filterr\u00fccksp\u00fclung kann ein guter R\u00fccksp\u00fcleffekt erzielt werden, solange sauberes Wasser von einem Ende des gefilterten Wassers in das Medium im R\u00fccksp\u00fclfilter eingeleitet wird.<\/p>\n<p>&nbsp;<\/p>\n<p>Anwendbare Materialien:<\/p>\n<p>Schwach korrosive Materialien (entstehen in der chemischen und petrochemischen Produktion), wie Wasser, \u00d6l, Ammoniak, Kohlenwasserstoffe usw.<\/p>\n<p>Korrosive Materialien (entstehen bei der chemischen Produktion), wie Natronlauge, Soda, konzentrierte Schwefels\u00e4ure, Kohlens\u00e4ure, Aldehyds\u00e4ure usw.<\/p>\n<p>Niedertemperaturmaterialien (die bei der K\u00fchlung entstehen), wie z. B. fl\u00fcssiges Methan, fl\u00fcssiges Ammoniak, fl\u00fcssiger Sauerstoff und verschiedene K\u00e4ltemittel.<\/p>\n<p>Materialien mit Hygieneanforderungen in der Lebensmittel- und Pharmaproduktion, wie Bier, Getr\u00e4nke, Milchprodukte, Sirupe usw<\/p>\n<p>&nbsp;<\/p>","protected":false},"excerpt":{"rendered":"<p>Guss- oder Schwei\u00dfk\u00f6rper<\/p>\n<p>Ablassschraube<\/p>\n<p>Edelstahlsieb (20 Mesh, 40 Mesh, 80 Mesh, 120 Mesh)<\/p>","protected":false},"featured_media":18068,"template":"","meta":{"advanced_seo_description":"","jetpack_seo_html_title":"","jetpack_seo_noindex":false},"product_brand":[],"product_cat":[84],"product_tag":[125,126,124,127],"class_list":{"0":"post-18067","1":"product","2":"type-product","3":"status-publish","4":"has-post-thumbnail","6":"product_cat-y-strainer","7":"product_tag-150lb-cast-steel-y-strainer","8":"product_tag-3-inch-cast-steel-y-strainer","9":"product_tag-cast-steel-y-strainer","10":"product_tag-flange-end-cast-steel-y-strainer","12":"first","13":"instock","14":"featured","15":"shipping-taxable","16":"product-type-simple"},"jetpack_sharing_enabled":true,"_links":{"self":[{"href":"https:\/\/oudianvalve.com\/de\/wp-json\/wp\/v2\/product\/18067","targetHints":{"allow":["GET"]}}],"collection":[{"href":"https:\/\/oudianvalve.com\/de\/wp-json\/wp\/v2\/product"}],"about":[{"href":"https:\/\/oudianvalve.com\/de\/wp-json\/wp\/v2\/types\/product"}],"wp:featuredmedia":[{"embeddable":true,"href":"https:\/\/oudianvalve.com\/de\/wp-json\/wp\/v2\/media\/18068"}],"wp:attachment":[{"href":"https:\/\/oudianvalve.com\/de\/wp-json\/wp\/v2\/media?parent=18067"}],"wp:term":[{"taxonomy":"product_brand","embeddable":true,"href":"https:\/\/oudianvalve.com\/de\/wp-json\/wp\/v2\/product_brand?post=18067"},{"taxonomy":"product_cat","embeddable":true,"href":"https:\/\/oudianvalve.com\/de\/wp-json\/wp\/v2\/product_cat?post=18067"},{"taxonomy":"product_tag","embeddable":true,"href":"https:\/\/oudianvalve.com\/de\/wp-json\/wp\/v2\/product_tag?post=18067"}],"curies":[{"name":"wp","href":"https:\/\/api.w.org\/{rel}","templated":true}]}}