{"id":18064,"date":"2023-06-19T07:02:50","date_gmt":"2023-06-19T07:02:50","guid":{"rendered":"https:\/\/oudianvalve.com\/?post_type=product&#038;p=18064"},"modified":"2023-06-20T02:08:59","modified_gmt":"2023-06-20T02:08:59","slug":"bs-1868-900lb-dn80-cast-steel-swing-check-valve","status":"publish","type":"product","link":"https:\/\/oudianvalve.com\/de\/products\/check-valves\/bs-1868-900lb-dn80-cast-steel-swing-check-valve\/","title":{"rendered":"BS 1868 900LB DN80 R\u00fcckschlagklappe aus Stahlguss"},"content":{"rendered":"<p>Designstandard: BS 1868 oder API 6D<br \/>\nDruck-Temperatur-Bewertungen: ASME B16.34<br \/>\nGr\u00f6\u00dfenbereich: 2&quot; bis 48&quot;<br \/>\nDruckbereich: Klasse 150 bis 2500<br \/>\nEndanschl\u00fcsse: RF-Flansch, RTJ, FF, Stumpfschwei\u00dfung<br \/>\nOberteil: Verschraubtes oder druckdichtes Oberteil<br \/>\nAbmessungen des Flanschendes: ASME B16.5 (\u226424 Zoll), ASME B16.47 Serie A oder B (&gt;24 Zoll)<br \/>\nAbmessungen des Stumpfschwei\u00dfendes: ASME B16.25 von Angesicht zu Angesicht<br \/>\nBauabmessungen: ASME B16.10<br \/>\nInspektion und Tests: API 598, API 6D<br \/>\nGeh\u00e4usematerialien: WCB, CF8, CF3, CF3M, CF8M, CF8C, A995 4A, 5A, 6A, C95800, INCONEL 625, INCONEL 825, MONEL, WC6, WC9, LCB, LCC.<br \/>\nBesatzmaterialien: 1#, 5#, 8#, 10#, 12#, 16#<br \/>\nSchraubenmaterialien: ASTM A193 B7, B7M, B8, B8M \/ ASTM A194 2H, 2HM, 8, 8M.<\/p>\n<p>API 6D-Port mit vollst\u00e4ndiger \u00d6ffnung<br \/>\nKryotests<br \/>\nPTFE-beschichtete Schrauben und Muttern<br \/>\nVerzinkte Schrauben und Muttern<\/p>\n<p>Das R\u00fcckschlagventil, auch Einwegventil oder R\u00fcckschlagklappe genannt, dient dazu, ein Zur\u00fcckflie\u00dfen des Mediums in der Rohrleitung zu verhindern. Ein Ventil, das sich auf die Str\u00f6mung und Kraft des Mediums verl\u00e4sst, um sich selbst zu \u00f6ffnen oder zu schlie\u00dfen und so ein Zur\u00fcckflie\u00dfen des Mediums zu verhindern, wird als R\u00fcckschlagventil bezeichnet. R\u00fcckschlagventile geh\u00f6ren zur Kategorie der automatischen Ventile und werden haupts\u00e4chlich in Rohrleitungen mit unidirektionalem Medienfluss verwendet. Sie lassen das Medium nur in eine Richtung flie\u00dfen, um Unf\u00e4lle zu vermeiden. Diese Art von Ventil sollte im Allgemeinen horizontal in Rohrleitungen eingebaut werden.<\/p>","protected":false},"excerpt":{"rendered":"<p>API 6D-Port mit vollst\u00e4ndiger \u00d6ffnung<br \/>\nKryotests<br \/>\nPTFE-beschichtete Schrauben und Muttern<br \/>\nVerzinkte Schrauben und Muttern<\/p>\n<p>&nbsp;<\/p>","protected":false},"featured_media":18066,"template":"","meta":{"advanced_seo_description":"","jetpack_seo_html_title":"","jetpack_seo_noindex":false},"product_brand":[],"product_cat":[82],"product_tag":[123,89,91,122,121],"class_list":{"0":"post-18064","1":"product","2":"type-product","3":"status-publish","4":"has-post-thumbnail","6":"product_cat-check-valves","7":"product_tag-3-inch-swing-check-valve","8":"product_tag-900lb-swing-check-valve","9":"product_tag-bolt-bonnet-swing-check-valvee","10":"product_tag-bs-1868-cast-steel-swing-check-valve","11":"product_tag-dn80-cast-steel-swing-check-valve","13":"first","14":"instock","15":"featured","16":"shipping-taxable","17":"product-type-simple"},"jetpack_sharing_enabled":true,"_links":{"self":[{"href":"https:\/\/oudianvalve.com\/de\/wp-json\/wp\/v2\/product\/18064","targetHints":{"allow":["GET"]}}],"collection":[{"href":"https:\/\/oudianvalve.com\/de\/wp-json\/wp\/v2\/product"}],"about":[{"href":"https:\/\/oudianvalve.com\/de\/wp-json\/wp\/v2\/types\/product"}],"wp:featuredmedia":[{"embeddable":true,"href":"https:\/\/oudianvalve.com\/de\/wp-json\/wp\/v2\/media\/18066"}],"wp:attachment":[{"href":"https:\/\/oudianvalve.com\/de\/wp-json\/wp\/v2\/media?parent=18064"}],"wp:term":[{"taxonomy":"product_brand","embeddable":true,"href":"https:\/\/oudianvalve.com\/de\/wp-json\/wp\/v2\/product_brand?post=18064"},{"taxonomy":"product_cat","embeddable":true,"href":"https:\/\/oudianvalve.com\/de\/wp-json\/wp\/v2\/product_cat?post=18064"},{"taxonomy":"product_tag","embeddable":true,"href":"https:\/\/oudianvalve.com\/de\/wp-json\/wp\/v2\/product_tag?post=18064"}],"curies":[{"name":"wp","href":"https:\/\/api.w.org\/{rel}","templated":true}]}}