{"id":18061,"date":"2023-06-19T06:22:57","date_gmt":"2023-06-19T06:22:57","guid":{"rendered":"https:\/\/oudianvalve.com\/?post_type=product&#038;p=18061"},"modified":"2023-06-20T00:30:04","modified_gmt":"2023-06-20T00:30:04","slug":"din-dn200-pn25-cast-steel-swing-check-valve","status":"publish","type":"product","link":"https:\/\/oudianvalve.com\/de\/products\/check-valves\/din-dn200-pn25-cast-steel-swing-check-valve\/","title":{"rendered":"DIN DN200 PN25 R\u00fcckschlagventil aus Stahlguss"},"content":{"rendered":"<p>Konstruktionsnorm: DIN3352, BS EN1868<br \/>\nGr\u00f6\u00dfenbereich: DN50 bis DN 1200<br \/>\nDruckbereich: PN 10 bis PN160<br \/>\nEndanschl\u00fcsse: RF-Flansch, RTJ, Stumpfschwei\u00dfung<br \/>\nAbmessungen des Flanschendes: DIN2543, BS EN 1092-1<br \/>\nAbmessungen f\u00fcr Stumpfschwei\u00dfenden: EN 12627<br \/>\nAbmessungen von Angesicht zu Angesicht: DIN3202, BS EN 558-1<br \/>\nInspektion und Pr\u00fcfung: BS EN 12266-1, DIN 3230<br \/>\nWerkstoffe: 1.4301, 1.4306, 1.4401, 1.4404, 1.0619, 1.7357, 1.4552, 1.4107.<\/p>\n<p>NACE MR 0175<br \/>\nKryotests<br \/>\nBypassventile<br \/>\nErneuerbarer Sitz<br \/>\nPTFE-beschichtete Schrauben und Muttern<br \/>\nVerzinkte Schrauben und Muttern<br \/>\nSonderlackierungen nach Ihren W\u00fcnschen<\/p>\n<p>Der L\u00e4ngenstandard der Struktur des R\u00fcckschlagventils aus Gussstahl DIN DN200 PN25 ist DIN3202, und der Flanschstandard wird nach DIN2543-DIN2546 entworfen und hergestellt. Die Struktur ist vern\u00fcnftig, die Leistung ist ausgezeichnet und das Aussehen ist sch\u00f6n. Die Struktur der R\u00fcckschlagventile aus Gussstahl DIN DN200 PN25 Standardflansch-R\u00fcckschlagventile ist im Allgemeinen \u00e4hnlich wie die von Kugelh\u00e4hnen.<\/p>\n<p>Die Ventilscheibe bewegt sich entlang einer Linie im Kanal auf und ab. Dabei funktioniert sie zuverl\u00e4ssig, weist jedoch einen hohen Fl\u00fcssigkeitswiderstand auf und ist daher f\u00fcr Situationen mit leichten und kleinen Durchmessern geeignet.<br \/>\nFunktionsprinzip des R\u00fcckschlagventils aus Stahlguss nach DIN DN200 PN25:<br \/>\nWenn das Medium in den Ventilk\u00f6rper einstr\u00f6mt, wie durch den Pfeil auf dem Ventilk\u00f6rper angezeigt, \u00fcbt der Druck des Mediums einen Aufw\u00e4rtsschub auf die Ventilscheibe aus. Wenn der Mediumschub die Schwerkraft der Ventilscheibe \u00fcbersteigt, \u00f6ffnet sich das Ventil. Wenn die Kraft, die der Druck des Mediums hinter dem Ventil auf die Ventilscheibe aus\u00fcbt, plus die Schwerkraft der Ventilscheibe selbst gr\u00f6\u00dfer ist als die Kraft, die der Druck vor dem Ventil auf die Ventilscheibe aus\u00fcbt, schlie\u00dft das Ventil, um ein Zur\u00fcckflie\u00dfen des Mediums zu verhindern.<\/p>\n<p>&nbsp;<\/p>\n<p>&nbsp;<\/p>","protected":false},"excerpt":{"rendered":"<p>Haube: Verschraubte Haube oder Druckverschlusshaube Integral<\/p>\n<p>Geh\u00e4usesitz oder austauschbarer Sitzring Unidirektional<\/p>\n<p>Schwingscheibe Gussscheibe (\u00fcber 4 Zoll) oder geschmiedete Scheibe (2 bis 4 Zoll)<\/p>\n<p>Nicht vollst\u00e4ndig zu \u00f6ffnende Scheibe nach BS168 und vollst\u00e4ndig zu \u00f6ffnende Scheibe nach API 6D<\/p>\n<p>Hebe\u00f6se f\u00fcr 4 Zoll und mehr<\/p>","protected":false},"featured_media":18062,"template":"","meta":{"advanced_seo_description":"","jetpack_seo_html_title":"","jetpack_seo_noindex":false},"product_brand":[],"product_cat":[82],"product_tag":[118,120,119],"class_list":{"0":"post-18061","1":"product","2":"type-product","3":"status-publish","4":"has-post-thumbnail","6":"product_cat-check-valves","7":"product_tag-din3352-cast-steel-swing-check-valve","8":"product_tag-dn200-cast-steel-swing-check-valve","9":"product_tag-pn25-cast-steel-swing-check-valve","11":"first","12":"instock","13":"featured","14":"shipping-taxable","15":"product-type-simple"},"jetpack_sharing_enabled":true,"_links":{"self":[{"href":"https:\/\/oudianvalve.com\/de\/wp-json\/wp\/v2\/product\/18061","targetHints":{"allow":["GET"]}}],"collection":[{"href":"https:\/\/oudianvalve.com\/de\/wp-json\/wp\/v2\/product"}],"about":[{"href":"https:\/\/oudianvalve.com\/de\/wp-json\/wp\/v2\/types\/product"}],"wp:featuredmedia":[{"embeddable":true,"href":"https:\/\/oudianvalve.com\/de\/wp-json\/wp\/v2\/media\/18062"}],"wp:attachment":[{"href":"https:\/\/oudianvalve.com\/de\/wp-json\/wp\/v2\/media?parent=18061"}],"wp:term":[{"taxonomy":"product_brand","embeddable":true,"href":"https:\/\/oudianvalve.com\/de\/wp-json\/wp\/v2\/product_brand?post=18061"},{"taxonomy":"product_cat","embeddable":true,"href":"https:\/\/oudianvalve.com\/de\/wp-json\/wp\/v2\/product_cat?post=18061"},{"taxonomy":"product_tag","embeddable":true,"href":"https:\/\/oudianvalve.com\/de\/wp-json\/wp\/v2\/product_tag?post=18061"}],"curies":[{"name":"wp","href":"https:\/\/api.w.org\/{rel}","templated":true}]}}