{"id":18057,"date":"2023-06-19T05:45:25","date_gmt":"2023-06-19T05:45:25","guid":{"rendered":"https:\/\/oudianvalve.com\/?post_type=product&#038;p=18057"},"modified":"2023-06-20T00:30:07","modified_gmt":"2023-06-20T00:30:07","slug":"a217-wc6-bolt-bonnet-gate-valve","status":"publish","type":"product","link":"https:\/\/oudianvalve.com\/de\/products\/gate-valves\/a217-wc6-bolt-bonnet-gate-valve\/","title":{"rendered":"A217 WC6 Bolzen-Motorhaubenschieber"},"content":{"rendered":"<p>A217 WC6 Bolzen-Motorhaubenschieber<br \/>\nGr\u00f6\u00dfe: 2\u2033-48\u2033(DN50~DN1200)<br \/>\nDruckstufe: 150LB-2500LB\/PN16-PN160\/10K-60K)<br \/>\nMaterial: A351CF8M\/CF8\/CF3\/CF3M.A216WCB.A105,A352LCB\/LCC,F304.F316.F51\/F53,F11.C3.C5.C95800Geeignete Temperatur: -196\u00b0C-650C<br \/>\n(Unterschiedliche Temperaturen w\u00e4hlen unterschiedliche Materialien). Geeignetes Medium: Wasser, Dampf, \u00d6l und Erdgas usw.<\/p>\n<p>A217 WC6 Bolt Bonnet Gate Valve Beschreibung:<\/p>\n<p>Verschraubter K\u00f6rper. Vollst\u00e4ndiger Hafenbau<br \/>\nVollst\u00e4ndig konform mit ASME B16.34 API6D API600<br \/>\nVollst\u00e4ndig kompatibel mit API 598 API6D API598<br \/>\nFlansch entspricht vollst\u00e4ndig ASME B16.5\/ASME B16.47<br \/>\nUntergetauchtes Packungssystem und Direktmontagebet\u00e4tigung<\/p>\n<p>CNC-Werkzeugmaschinenbearbeitung, hohe Pr\u00e4zision, gute Abdichtung. Mit der Dichtungskonstruktion ist es sicherer und bequemer, die Packung auszutauschen (das Material der Sitzdichtung kann individuell je nach Medium und Temperatur des Ventils festgelegt werden). Bedienung: Handrad. GetriebePneumatischer Aktuator und elektrischer Aktuator.<\/p>\n<p>A217 WC6-Bolzen-Motorhaubenschieber-Absperrschieber-Spezifikationen:<\/p>\n<p>Der A217 WC6 Bolzen-Motorhaubenschieber eignet sich f\u00fcr Hochtemperatur-Dampf- und \u00d6lleitungen und weist hohe Temperaturbest\u00e4ndigkeitseigenschaften auf. Die Dichtfl\u00e4chen des Ventiltellers und des Ventilsitzes bestehen aus verschlei\u00dffestem Hartlegierungs-Auftragsschwei\u00dfen auf Stellite-Bohrerbasis.<br \/>\nUnter Absperrventil versteht man ein Ventil, bei dem sich das Schlie\u00dfelement (Scheibe) entlang der Mittellinie des Ventilsitzes bewegt. Entsprechend der Bewegung des Ventiltellers ist die \u00c4nderung der Ventilsitz\u00f6ffnung direkt proportional zum Ventiltellerhub. Aufgrund des relativ kurzen \u00d6ffnungs- oder Schlie\u00dfhubs des Ventilschafts dieses Ventiltyps und seiner \u00e4u\u00dferst zuverl\u00e4ssigen Absperrfunktion<\/p>\n<p>Materialbeschreibung:<br \/>\nWC6 ist sowohl in Ventilk\u00f6rper- als auch in Kernmaterialien erh\u00e4ltlich.<br \/>\nWC6 geh\u00f6rt zum amerikanischen Standard-Chrom-Platin-Stahl f\u00fcr den Guss und der Ausf\u00fchrungsstandard ist ASTM A217\/217M-2014WC6. Es verf\u00fcgt \u00fcber eine hohe thermische Festigkeit (b&gt;440 MPa) und Oxidationsbest\u00e4ndigkeit bei hohen Temperaturen sowie eine gewisse Wasserstoffkorrosionsbest\u00e4ndigkeit. Aufgrund des hohen Gehalts an Cr, C und anderen Legierungselementen im Stahl ist die Verh\u00e4rtungsneigung des Stahls offensichtlich und die Schwei\u00dfbarkeit schlecht<\/p>","protected":false},"excerpt":{"rendered":"<p>A217 WC6 Bolzen-Motorhaubenschieber eignen sich zum Schneiden oder Verbinden von Medien in Rohrleitungen unter verschiedenen Arbeitsbedingungen, z. B. in Erd\u00f6l-, Chemie- und W\u00e4rmekraftwerken. Zu den anwendbaren Medien geh\u00f6ren Wasser, \u00d6l, Dampf usw. Zu den Betriebsmethoden geh\u00f6ren: manuell, Zahnradgetriebe, elektrisch usw<\/p>","protected":false},"featured_media":18058,"template":"","meta":{"advanced_seo_description":"","jetpack_seo_html_title":"","jetpack_seo_noindex":false},"product_brand":[],"product_cat":[81],"product_tag":[112,113,111,114],"class_list":{"0":"post-18057","1":"product","2":"type-product","3":"status-publish","4":"has-post-thumbnail","6":"product_cat-gate-valves","7":"product_tag-12-inch-wc6-gate-valve","8":"product_tag-600lb-wc6-gate-valve","9":"product_tag-a217-wc6-bolt-bonnet-gate-valve","10":"product_tag-flange-end-wc6-gate-valve","12":"first","13":"instock","14":"featured","15":"shipping-taxable","16":"product-type-simple"},"jetpack_sharing_enabled":true,"_links":{"self":[{"href":"https:\/\/oudianvalve.com\/de\/wp-json\/wp\/v2\/product\/18057","targetHints":{"allow":["GET"]}}],"collection":[{"href":"https:\/\/oudianvalve.com\/de\/wp-json\/wp\/v2\/product"}],"about":[{"href":"https:\/\/oudianvalve.com\/de\/wp-json\/wp\/v2\/types\/product"}],"wp:featuredmedia":[{"embeddable":true,"href":"https:\/\/oudianvalve.com\/de\/wp-json\/wp\/v2\/media\/18058"}],"wp:attachment":[{"href":"https:\/\/oudianvalve.com\/de\/wp-json\/wp\/v2\/media?parent=18057"}],"wp:term":[{"taxonomy":"product_brand","embeddable":true,"href":"https:\/\/oudianvalve.com\/de\/wp-json\/wp\/v2\/product_brand?post=18057"},{"taxonomy":"product_cat","embeddable":true,"href":"https:\/\/oudianvalve.com\/de\/wp-json\/wp\/v2\/product_cat?post=18057"},{"taxonomy":"product_tag","embeddable":true,"href":"https:\/\/oudianvalve.com\/de\/wp-json\/wp\/v2\/product_tag?post=18057"}],"curies":[{"name":"wp","href":"https:\/\/api.w.org\/{rel}","templated":true}]}}