{"id":17983,"date":"2023-06-12T08:28:14","date_gmt":"2023-06-12T08:28:14","guid":{"rendered":"https:\/\/oudianvalve.com\/?post_type=product&#038;p=17983"},"modified":"2025-06-14T13:25:10","modified_gmt":"2025-06-14T13:25:10","slug":"api600-cast-steel-gate-valve-300lb-6-inch-rf-end","status":"publish","type":"product","link":"https:\/\/oudianvalve.com\/de\/products\/gate-valves\/api600-cast-steel-gate-valve-300lb-6-inch-rf-end\/","title":{"rendered":"API600 Absperrschieber aus Stahlguss, 300 lb, 6 Zoll, RF-Ende"},"content":{"rendered":"<p>Designstandard: API 600<br \/>\nDruck-Temperatur-Bewertungen: ASME B16.34<br \/>\nGr\u00f6\u00dfenbereich: 2&quot; bis 48&quot;<br \/>\nDruckbereich: Klasse 150 bis 2500<br \/>\nEndanschl\u00fcsse: RF-Flansch, RTJ, Stumpfschwei\u00dfung<br \/>\nAbmessungen des Flanschendes: ASME B16.5 (\u226424 Zoll), ASME B16.47 Serie A oder B (&gt;24 Zoll)<br \/>\nAbmessungen des Stumpfschwei\u00dfendes: ASME B16.25 von Angesicht zu Angesicht<br \/>\nBauabmessungen: ASME B16.10<br \/>\nInspektion und Tests: API 598<br \/>\nGeh\u00e4usematerialien: ASTM A216 WCB, WCC, A217 WC6, WC9, C5, C12A, A352 LCB, LCC, A351 CF8, CF8M, CF3M, CF8C, CN3MN, CK3MCUN, CN7M, A890 4A (CD3MN), 5A (CE3MN), 6A (CD3MWCuN), B148 C95800, C95500.<br \/>\nBesatzmaterialien: 1#, 5#, 8#, 10#, 12#, 16#<br \/>\nVerpackungsmaterialien: Graphit, Graphit mit Inconel-Draht<\/p>\n<p>&nbsp;<\/p>\n<div class=\"fl-row fl-row-full-width fl-row-bg-none fl-node-6392e703d9080\" data-node=\"6392e703d9080\">\n<div class=\"fl-row-content-wrap\">\n<div class=\"fl-row-content fl-row-full-width fl-node-content\">\n<div class=\"fl-col-group fl-node-6392e703d97d3\" data-node=\"6392e703d97d3\">\n<div class=\"fl-col fl-node-6392e703d9a36\" data-node=\"6392e703d9a36\">\n<div class=\"fl-col-content fl-node-content\">\n<div class=\"fl-module fl-module-rich-text fl-node-6392e703db342\" data-node=\"6392e703db342\" data-animation-delay=\"0.0\">\n<div class=\"fl-module-content fl-node-content\">\n<div class=\"fl-rich-text\">\n<div class=\"content_box\">\n<h2>Optional<\/h2>\n<\/div>\n<p>NACE MR 0175 Verschraubte Motorhaube, Au\u00dfenschraube und Joch<br \/>\nSteigende Spindel mit oberer Dichtung (R\u00fccksitz) Absperrung: durch Drehen des Handrads im Uhrzeigersinn<br \/>\nMotorhaubenverl\u00e4ngerung kryogen<br \/>\nTesten von Bypass-Ventilen<br \/>\nPTFE-beschichtete Schrauben und Muttern<br \/>\nVerzinkte Schrauben und Muttern<\/p>\n<\/div>\n<\/div>\n<\/div>\n<\/div>\n<\/div>\n<\/div>\n<\/div>\n<\/div>\n<\/div>\n<div class=\"fl-row fl-row-full-width fl-row-bg-none fl-node-6392e71133a42\" data-node=\"6392e71133a42\">\n<div class=\"fl-row-content-wrap\">\n<div class=\"fl-row-content fl-row-full-width fl-node-content\">\n<div class=\"fl-col-group fl-node-6392e71133a8e\" data-node=\"6392e71133a8e\">\n<div class=\"fl-col fl-node-6392e71133ade\" data-node=\"6392e71133ade\">\n<div class=\"fl-col-content fl-node-content\">\n<div class=\"fl-module fl-module-rich-text fl-node-6392e71133b22\" data-node=\"6392e71133b22\" data-animation-delay=\"0.0\">\n<div class=\"fl-module-content fl-node-content\">\n<div class=\"fl-rich-text\">\n<div class=\"content_box\">\n<h2>Produkteinf\u00fchrung<\/h2>\n<\/div>\n<p>Der API600-Absperrschieber aus Gussstahl ist ein bidirektionales Ventil mit mehreren Drehungen und einem Keil als Verschlusselement.<br \/>\nWenn sich der Schaft nach oben bewegt, verl\u00e4sst der Keil den Sitz, was bedeutet, dass er sich \u00f6ffnet, und wenn der Schaft nach unten geht, schlie\u00dft sich der Keil fest an die Sitzfl\u00e4che an und sorgt so f\u00fcr ein Schlie\u00dfen. Bei vollst\u00e4ndiger \u00d6ffnung flie\u00dft die Fl\u00fcssigkeit geradlinig durch das Ventil, was zu einem minimalen Druckabfall am Ventil f\u00fchrt. Absperrschieber werden als Auf-Zu-Ventile verwendet und eignen sich nicht f\u00fcr Anwendungen zur Leistungsregelung.<br \/>\nIm Vergleich zu Kugelh\u00e4hnen sind Absperrschieber kosteng\u00fcnstiger und vielseitiger einsetzbar. Normalerweise sind Kugelh\u00e4hne mit weichem Sitz ausgestattet, daher wird der Einsatz in Hochtemperaturanwendungen nicht empfohlen. Absperrschieber haben jedoch einen Metallsitz und sind eine gute Wahl f\u00fcr den Einsatz in solchen Hochtemperatursituationen. Absperrschieber k\u00f6nnen auch f\u00fcr kritische Anwendungen eingesetzt werden, bei denen das Schlammmaterial feste Partikel enth\u00e4lt, beispielsweise im Bergbau. Absperrschieber werden h\u00e4ufig f\u00fcr \u00d6l und Gas, Erd\u00f6l, Raffinerie, Chemie, Bergbau, Wasseraufbereitung, Kraftwerke, LNG usw. eingesetzt<\/p>\n<\/div>\n<\/div>\n<\/div>\n<\/div>\n<\/div>\n<\/div>\n<\/div>\n<\/div>\n<\/div>\n<p>API600-Stahlguss-Schieberventil, 300LB-Stahlguss-Schieberventil, 6-Zoll-Stahlguss-Schieberventil, RF-End-Stahlguss-Schieberventil<\/p>","protected":false},"excerpt":{"rendered":"<p><strong>Absperrschieber<\/strong>\u00a0werden typischerweise verwendet, wenn ein geradliniger Fl\u00fcssigkeitsfluss und eine minimale Durchflussbegrenzung erforderlich sind. Sie eignen sich gut f\u00fcr hohen Druck und hohe Temperaturen und k\u00f6nnen f\u00fcr eine Vielzahl von Fl\u00fcssigkeiten verwendet werden. Da der Absperrschieber symmetrisch ist, kann jedes Ende als Einlass dienen, sodass der Durchfluss durch beide Richtungen des Ventils erfolgen kann, was auch als bidirektional bezeichnet wird.<\/p>\n<p>Es gibt viele Ausf\u00fchrungen f\u00fcr den Absperrschieber, einschlie\u00dflich steigender und nicht steigender Spindel, Messer-, Platten- und Spreizschieber.<\/p>","protected":false},"featured_media":18441,"template":"","meta":{"advanced_seo_description":"","jetpack_seo_html_title":"","jetpack_seo_noindex":false},"product_brand":[],"product_cat":[81],"product_tag":[533,534,532,535],"class_list":{"0":"post-17983","1":"product","2":"type-product","3":"status-publish","4":"has-post-thumbnail","6":"product_cat-gate-valves","7":"product_tag-300lb-cast-steel-gate-valve","8":"product_tag-6-inch-cast-steel-gate-valve","9":"product_tag-api600-cast-steel-gate-valve","10":"product_tag-rf-end-cast-steel-gate-valve","12":"first","13":"instock","14":"featured","15":"shipping-taxable","16":"product-type-simple"},"jetpack_sharing_enabled":true,"_links":{"self":[{"href":"https:\/\/oudianvalve.com\/de\/wp-json\/wp\/v2\/product\/17983","targetHints":{"allow":["GET"]}}],"collection":[{"href":"https:\/\/oudianvalve.com\/de\/wp-json\/wp\/v2\/product"}],"about":[{"href":"https:\/\/oudianvalve.com\/de\/wp-json\/wp\/v2\/types\/product"}],"wp:featuredmedia":[{"embeddable":true,"href":"https:\/\/oudianvalve.com\/de\/wp-json\/wp\/v2\/media\/18441"}],"wp:attachment":[{"href":"https:\/\/oudianvalve.com\/de\/wp-json\/wp\/v2\/media?parent=17983"}],"wp:term":[{"taxonomy":"product_brand","embeddable":true,"href":"https:\/\/oudianvalve.com\/de\/wp-json\/wp\/v2\/product_brand?post=17983"},{"taxonomy":"product_cat","embeddable":true,"href":"https:\/\/oudianvalve.com\/de\/wp-json\/wp\/v2\/product_cat?post=17983"},{"taxonomy":"product_tag","embeddable":true,"href":"https:\/\/oudianvalve.com\/de\/wp-json\/wp\/v2\/product_tag?post=17983"}],"curies":[{"name":"wp","href":"https:\/\/api.w.org\/{rel}","templated":true}]}}