{"id":17981,"date":"2023-06-12T08:09:21","date_gmt":"2023-06-12T08:09:21","guid":{"rendered":"https:\/\/oudianvalve.com\/?post_type=product&#038;p=17981"},"modified":"2023-06-20T02:09:44","modified_gmt":"2023-06-20T02:09:44","slug":"900lb-bolt-bonnet-swing-check-valve","status":"publish","type":"product","link":"https:\/\/oudianvalve.com\/de\/products\/check-valves\/900lb-bolt-bonnet-swing-check-valve\/","title":{"rendered":"900LB Bolzen-R\u00fcckschlagventil mit Motorhaube"},"content":{"rendered":"<div class=\"fl-row fl-row-full-width fl-row-bg-none fl-node-6392e84a0cf5a\" data-node=\"6392e84a0cf5a\">\n<div class=\"fl-row-content-wrap\">\n<div class=\"fl-row-content fl-row-full-width fl-node-content\">\n<div class=\"fl-col-group fl-node-6392e84a0d694\" data-node=\"6392e84a0d694\">\n<div class=\"fl-col fl-node-6392e84a0d913\" data-node=\"6392e84a0d913\">\n<div class=\"fl-col-content fl-node-content\">\n<div class=\"fl-module fl-module-rich-text fl-node-6392e84a0f68f\" data-node=\"6392e84a0f68f\" data-animation-delay=\"0.0\">\n<div class=\"fl-module-content fl-node-content\">\n<div class=\"fl-rich-text\">\n<p>Designstandard: BS 1868 oder API 6D<br \/>\nDruck-Temperatur-Bewertungen: ASME B16.34<br \/>\nGr\u00f6\u00dfenbereich: 2&quot; bis 48&quot;<br \/>\nDruckbereich: Klasse 150 bis 2500<br \/>\nEndanschl\u00fcsse: RF-Flansch, RTJ, FF, Stumpfschwei\u00dfung<br \/>\nOberteil: Verschraubtes oder druckdichtes Oberteil<br \/>\nAbmessungen des Flanschendes: ASME B16.5 (\u226424 Zoll), ASME B16.47 Serie A oder B (&gt;24 Zoll)<br \/>\nAbmessungen des Stumpfschwei\u00dfendes: ASME B16.25 von Angesicht zu Angesicht<br \/>\nBauabmessungen: ASME B16.10<br \/>\nInspektion und Tests: API 598, API 6D<br \/>\nGeh\u00e4usematerialien: WCB, CF8, CF3, CF3M, CF8M, CF8C, A995 4A, 5A, 6A, C95800, INCONEL 625, INCONEL 825, MONEL, WC6, WC9, LCB, LCC.<br \/>\nBesatzmaterialien: 1#, 5#, 8#, 10#, 12#, 16#<br \/>\nSchraubenmaterialien: ASTM A193 B7, B7M, B8, B8M \/ ASTM A194 2H, 2HM, 8, 8M.<br \/>\nNACE MR0175<\/p>\n<div class=\"content_box\">\n<h2>Optional<\/h2>\n<\/div>\n<p>API 6D-Port mit vollst\u00e4ndiger \u00d6ffnung<br \/>\nKryotests<br \/>\nPTFE-beschichtete Schrauben und Muttern<br \/>\nVerzinkte Schrauben und Muttern<\/p>\n<\/div>\n<\/div>\n<\/div>\n<\/div>\n<\/div>\n<\/div>\n<\/div>\n<\/div>\n<\/div>\n<div class=\"fl-row fl-row-full-width fl-row-bg-none fl-node-6392e8560476b\" data-node=\"6392e8560476b\">\n<div class=\"fl-row-content-wrap\">\n<div class=\"fl-row-content fl-row-full-width fl-node-content\">\n<div class=\"fl-col-group fl-node-6392e856054d0\" data-node=\"6392e856054d0\">\n<div class=\"fl-col fl-node-6392e85605696\" data-node=\"6392e85605696\">\n<div class=\"fl-col-content fl-node-content\">\n<div class=\"fl-module fl-module-rich-text fl-node-6392e856065da\" data-node=\"6392e856065da\" data-animation-delay=\"0.0\">\n<div class=\"fl-module-content fl-node-content\">\n<div class=\"fl-rich-text\">\n<div class=\"content_box\">\n<h2>Produkteinf\u00fchrung<\/h2>\n<\/div>\n<p>Das R\u00fcckschlagventil ist ein Einwegventil, das den Fl\u00fcssigkeitsdurchfluss durch eine \u00d6ffnung und den Austritt durch die andere \u00d6ffnung erm\u00f6glicht. Der allgemeine Zweck dieses Ventils besteht darin, einen R\u00fcckfluss (Fluss in die entgegengesetzte Richtung) zu verhindern. R\u00fcckschlagventile tragen den Begriff \u201e\u00d6ffnungsdruck\u201c. Wenn der \u00d6ffnungsdruck erreicht ist, \u00f6ffnet sich das Ventil. Wenn der Druck unter den \u00d6ffnungsdruck f\u00e4llt und\/oder ein Gegendruck auftritt, schlie\u00dft das Ventil. Die Funktionsweise eines R\u00fcckschlagventils ist ideal, um eine Verunreinigung durch Fl\u00fcssigkeiten zu verhindern, die in separate Leitungen flie\u00dfen, die an einen gemeinsamen Verteiler angeschlossen sind. Dieses Ventil funktioniert automatisch und normalerweise ohne menschliche oder externe Steuerung, wie z. B. einen Ventilgriff oder einen Ventilschaft. R\u00fcckschlagventile gibt es in unterschiedlichen Konfigurationen. Am h\u00e4ufigsten sind Schwenk-, Kippscheiben-, Wafer-, Hub- und Absperrventile.<\/p>\n<\/div>\n<\/div>\n<\/div>\n<\/div>\n<\/div>\n<\/div>\n<\/div>\n<\/div>\n<\/div>","protected":false},"excerpt":{"rendered":"<p>R\u00fcckschlagventil, Ansi-Klasse 900 lbs, API 6d, Bs1868, verschraubt, druckdichtendes Oberteil, geflanscht, Rf, Rtj, Bw-Enden, Kohlenstoffstahl, Edelstahl, Duplex-R\u00fcckschlagventile aus Stahl, R\u00fcckschlagventil, Hochdruck-Schwenkventil aus industriellem Gussstahl Lieferant und Exporteur von R\u00fcckschlagventilen.<\/p>\n<ul>\n<li>Oberteil: Geschraubtes Oberteil oder druckdichtes Oberteil<\/li>\n<li>Integrierter Sitzk\u00f6rper oder erneuerbarer Sitzring<\/li>\n<li>Unidirektional<\/li>\n<li>Schwingscheibe<\/li>\n<li>Gussscheibe (\u00fcber 4\u201c) oder geschmiedete Scheibe (2\u201c bis 4\u201c)<\/li>\n<li>Nicht vollst\u00e4ndig \u00f6ffnende oder vollst\u00e4ndig \u00f6ffnende Scheibe<\/li>\n<li>Molchbar f\u00fcr API 6D-Typ<\/li>\n<li>Hebe\u00f6se f\u00fcr 4 Zoll und mehr<\/li>\n<li>Der\u00a0<strong>R\u00fcckschlagventile<\/strong>\u00a0werden als R\u00fcckschlagventile f\u00fcr \u00d6l und Gas, Petrochemie, Energie, Offshore und andere anspruchsvolle Anwendungen eingesetzt. Diese Ventile erlauben keinen Fl\u00fcssigkeitsfluss in umgekehrter Richtung als der durch den Pfeil angezeigten. Eine gro\u00dfe Auswahl an Geh\u00e4use- und Verkleidungsmaterialien deckt das gesamte Anwendungsspektrum ab, vom allt\u00e4glichen, nicht korrosiven Einsatz bis hin zum kritischen Einsatz mit hochaggressiven Medien.<\/li>\n<\/ul>","protected":false},"featured_media":17982,"template":"","meta":{"advanced_seo_description":"","jetpack_seo_html_title":"","jetpack_seo_noindex":false},"product_brand":[],"product_cat":[82],"product_tag":[90,89,91,88],"class_list":{"0":"post-17981","1":"product","2":"type-product","3":"status-publish","4":"has-post-thumbnail","6":"product_cat-check-valves","7":"product_tag-8-inch-swing-check-valve","8":"product_tag-900lb-swing-check-valve","9":"product_tag-bolt-bonnet-swing-check-valvee","10":"product_tag-bs-1868-check-valves","12":"first","13":"instock","14":"featured","15":"shipping-taxable","16":"product-type-simple"},"jetpack_sharing_enabled":true,"_links":{"self":[{"href":"https:\/\/oudianvalve.com\/de\/wp-json\/wp\/v2\/product\/17981","targetHints":{"allow":["GET"]}}],"collection":[{"href":"https:\/\/oudianvalve.com\/de\/wp-json\/wp\/v2\/product"}],"about":[{"href":"https:\/\/oudianvalve.com\/de\/wp-json\/wp\/v2\/types\/product"}],"wp:featuredmedia":[{"embeddable":true,"href":"https:\/\/oudianvalve.com\/de\/wp-json\/wp\/v2\/media\/17982"}],"wp:attachment":[{"href":"https:\/\/oudianvalve.com\/de\/wp-json\/wp\/v2\/media?parent=17981"}],"wp:term":[{"taxonomy":"product_brand","embeddable":true,"href":"https:\/\/oudianvalve.com\/de\/wp-json\/wp\/v2\/product_brand?post=17981"},{"taxonomy":"product_cat","embeddable":true,"href":"https:\/\/oudianvalve.com\/de\/wp-json\/wp\/v2\/product_cat?post=17981"},{"taxonomy":"product_tag","embeddable":true,"href":"https:\/\/oudianvalve.com\/de\/wp-json\/wp\/v2\/product_tag?post=17981"}],"curies":[{"name":"wp","href":"https:\/\/api.w.org\/{rel}","templated":true}]}}